{"id":1509,"date":"2016-11-08T17:23:41","date_gmt":"2016-11-08T16:23:41","guid":{"rendered":"http:\/\/www.evolux.it\/?page_id=1509&#038;lang=de"},"modified":"2016-11-08T19:12:39","modified_gmt":"2016-11-08T18:12:39","slug":"bglass","status":"publish","type":"page","link":"https:\/\/www.evolux.it\/de\/produkte\/bglass\/","title":{"rendered":"BGlass"},"content":{"rendered":"<div class=\"pprod bianco\">\n<div class=\"contenuto bianco\">\n<div class=\"meta-sx bianco\">\n<h2><span class=\"evolux\">EVOLUX<\/span> BGLASS<\/h2>\n<p><span style=\"font-weight: 400;\">BGLASS ist das neueste Fenster \u201edas verschwindet\u201c aus der Linie EVOLUX.<\/span><\/p>\n<p><span style=\"font-weight: 400;\">Die Zarge besteht aus Aluminium und PVC und wird als Zarge bzw. Einbaukasten verwendet, das die Befestigung direkt an der \u00a0Mauerwand oder an irgend einer anderen Art von Wand erm\u00f6glicht. Deren Befestigung \u00a0kann entweder mittig in die Wand oder Innen wandb\u00fcndig \u00a0sein. Der Fl\u00fcgel der sich \u00f6ffnet besteht aus ein dreifaches thermisches Glas , doppelseitig. Der Glasrand hat einen Siebdruck , der den Fl\u00fcgel aus lamellares Okoum\u00e9 abdeckt, intern und extern; nur die Kanten bleiben daher sichtbar. \u00a0Die Version BGLASS ist das einzige Fenster, das der Alterung nicht unterliegt. Die Ebenheit des \u00a0Extra-hellen Glas erhebt den Charme des Produktes und dessen Einzigartigkeit. Auch in Sondermassen machbar mit der WIND-WIDERST\u00c4NDIGE EVOLUX SCHARNIERE die hier serienm\u00e4\u00dfig ist und eine hohe Tragkraft und Sicherheit bei der Benutzung garantiert. <\/span><br \/>\n<a class=\"pdfcat\" href=\"\/wp-content\/uploads\/EVOLUXbGlass.pdf\"><img loading=\"lazy\" decoding=\"async\" class=\"alignleft wp-image-1001 size-full\" src=\"http:\/\/www.evolux.it\/wp-content\/uploads\/Pdf-icona.png\" alt=\"SCARICA IL CATALOGO\" width=\"50\" height=\"72\" \/>KATALOG RUNTERLADEN<\/a><br \/>\n<a class=\"linkfoto\" href=\"http:\/\/www.evolux.it\/de\/media\/#bglass\"><img loading=\"lazy\" decoding=\"async\" class=\"alignleft size-full wp-image-1066\" src=\"http:\/\/www.evolux.it\/wp-content\/uploads\/foto-gallery.png\" alt=\"foto-gallery\" width=\"47\" height=\"36\" \/>SIEHE PHOTO-GALERIE<\/a><\/p>\n<\/div>\n<div class=\"meta-dx bianco\"><img decoding=\"async\" class=\"aligncenter\" src=\"http:\/\/www.evolux.it\/wp-content\/uploads\/BGlass-Evolux.jpg\" alt=\"BGlass-Evolux\" \/><\/div>\n<div class=\"clearfix\">\n<hr \/>\n<\/div>\n<\/div>\n<\/div>\n<div class=\"pprod grigio3\">\n<div class=\"contenuto\"><img loading=\"lazy\" decoding=\"async\" class=\"alignnone size-full wp-image-915\" src=\"http:\/\/www.evolux.it\/wp-content\/uploads\/EV1bglass-finestra.jpg\" alt=\"EV1bglass-finestra\" width=\"1920\" height=\"1201\" srcset=\"https:\/\/www.evolux.it\/wp-content\/uploads\/EV1bglass-finestra.jpg 1920w, https:\/\/www.evolux.it\/wp-content\/uploads\/EV1bglass-finestra-300x187.jpg 300w, https:\/\/www.evolux.it\/wp-content\/uploads\/EV1bglass-finestra-1024x640.jpg 1024w\" sizes=\"auto, (max-width: 1920px) 100vw, 1920px\" \/><a id=\"alzante-scorrevole-hs\" name=\"alzante-scorrevole-hs\"><\/a><\/div>\n<\/div>\n<div class=\"pprod grigio1\">\n<div class=\"contenuto\">\n<div class=\"meta-dx grigio1\">\n<h2><span class=\"evolux\">EVOLUX<\/span> BGlass<br \/>\nHS\u00a0Schiebe-Version<\/h2>\n<p><span style=\"font-weight: 400;\">HS SCHIEBE-VERSION ist die neue Version von Bleiglas-Schiebefenster, wo das feste Glas b\u00fcndig mit dem Fu\u00dfboden ein unbestrittenes Design-Mittel darstellt. \u00a0Daher ist es in der Lage, die Anspr\u00fcche \u00a0\u00a0an der Projekts- Innovation und an das \u00e4sthetische Minimalismus zu erf\u00fcllen. \u00a0Es \u00a0schafft eine moderne Umgebung her , wo der Raum zum Hauptdarsteller wird, in einer Kontinuit\u00e4ts-Situation zwischen dem Innen-und dem Au\u00dfenraum . \u00a0Die Wesentlichkeit seiner \u00e4sthetischen Linie wird bei der Version B GLASS eine Haupteigenschaft.<\/span><\/p>\n<p><span style=\"font-weight: 400;\">Das Hauptelement unseres Schiebefensters, im Sinne der Innovation, ist von der Aluminium und PVC \u2013 Zarge dargestellt, \u00a0die sich auf 4 Seiten entwickelt. Es stellt ein\u201c einzigartiges\u201c Bauelement dar, indem es die h\u00f6chste strukturelle Stabilit\u00e4t \u00a0an das Bestandteil erteilt, das weiter auf der Baustelle montiert wird; die daher gewonnene Vorteile f\u00fcr deren Montage sind einfach zu erkennen. <\/span><\/p>\n<p><span style=\"font-weight: 400;\">Das Glas-Bestandteil wird abh\u00e4ngig von den Glasmassen und das gew\u00fcnschte Ergebnis definiert . Es wird zum Hauptelement; \u00a0das Hebe-Schiebefenster wird dadurch ein strukturelles Element mit hoher Flexibilit\u00e4t zu den verschiedensten Zusammensetzungen. \u00a0<\/span><\/p>\n<p><a class=\"pdfcat\" href=\"\/wp-content\/uploads\/HS-EVOLUX.pdf\"><img loading=\"lazy\" decoding=\"async\" class=\"alignleft wp-image-1001 size-full\" src=\"http:\/\/www.evolux.it\/wp-content\/uploads\/Pdf-icona.png\" alt=\"SCARICA IL CATALOGO\" width=\"50\" height=\"72\" \/><\/a><a class=\"pdfcat\" href=\"\/wp-content\/uploads\/EVOLUXbGlass.pdf\">KATALOG RUNTERLADEN<\/a><br \/>\n<a class=\"linkfoto\" href=\"\/media\/#hs\"><img loading=\"lazy\" decoding=\"async\" class=\"alignleft size-full wp-image-1066\" src=\"http:\/\/www.evolux.it\/wp-content\/uploads\/foto-gallery.png\" alt=\"foto-gallery\" width=\"47\" height=\"36\" \/><\/a><a class=\"linkfoto\" href=\"http:\/\/www.evolux.it\/de\/media\/#bglass\">SIEHE PHOTO-GALERIE<\/a><a class=\"linkfoto\" href=\"\/media\/#hs\"><br \/>\n<\/a><\/p>\n<\/div>\n<div class=\"meta-sx grigio1\"><img decoding=\"async\" class=\"aligncenter\" src=\"http:\/\/www.evolux.it\/wp-content\/uploads\/BGlass-HS-Scorrevole.jpg\" alt=\"BGlass-HS-Scorrevole\" \/><\/div>\n<div class=\"clearfix\">\n<hr \/>\n<\/div>\n<\/div>\n<\/div>\n<div class=\"pprod grigio3\">\n<div class=\"contenuto\"><img loading=\"lazy\" decoding=\"async\" class=\"alignnone size-full wp-image-982\" src=\"http:\/\/www.evolux.it\/wp-content\/uploads\/HS-bglass-finiture.materiali.jpg\" alt=\"HS-bglass-finiture.materiali\" width=\"1920\" height=\"1121\" srcset=\"https:\/\/www.evolux.it\/wp-content\/uploads\/HS-bglass-finiture.materiali.jpg 1920w, https:\/\/www.evolux.it\/wp-content\/uploads\/HS-bglass-finiture.materiali-300x175.jpg 300w, https:\/\/www.evolux.it\/wp-content\/uploads\/HS-bglass-finiture.materiali-1024x597.jpg 1024w\" sizes=\"auto, (max-width: 1920px) 100vw, 1920px\" \/><\/div>\n<\/div>\n","protected":false},"excerpt":{"rendered":"<p>EVOLUX BGLASS BGLASS ist das neueste Fenster \u201edas verschwindet\u201c aus der Linie EVOLUX. Die Zarge besteht aus Aluminium und PVC und wird als Zarge bzw. Einbaukasten verwendet, das die Befestigung direkt an der \u00a0Mauerwand oder an irgend einer anderen Art von Wand erm\u00f6glicht. Deren Befestigung \u00a0kann entweder mittig in die Wand oder Innen wandb\u00fcndig \u00a0sein. [&hellip;]<\/p>\n","protected":false},"author":2,"featured_media":0,"parent":1500,"menu_order":0,"comment_status":"open","ping_status":"closed","template":"page-prodotti.php","meta":{"footnotes":""},"class_list":["post-1509","page","type-page","status-publish","hentry"],"yoast_head":"<!-- This site is optimized with the Yoast SEO plugin v22.6 - https:\/\/yoast.com\/wordpress\/plugins\/seo\/ -->\n<title>BGlass - Evolux Infissi<\/title>\n<meta name=\"robots\" content=\"index, follow, max-snippet:-1, max-image-preview:large, max-video-preview:-1\" \/>\n<link rel=\"canonical\" href=\"https:\/\/www.evolux.it\/de\/produkte\/bglass\/\" \/>\n<meta property=\"og:locale\" content=\"de_DE\" \/>\n<meta property=\"og:type\" content=\"article\" \/>\n<meta property=\"og:title\" content=\"BGlass - Evolux Infissi\" \/>\n<meta property=\"og:description\" content=\"EVOLUX BGLASS BGLASS ist das neueste Fenster \u201edas verschwindet\u201c aus der Linie EVOLUX. Die Zarge besteht aus Aluminium und PVC und wird als Zarge bzw. Einbaukasten verwendet, das die Befestigung direkt an der \u00a0Mauerwand oder an irgend einer anderen Art von Wand erm\u00f6glicht. Deren Befestigung \u00a0kann entweder mittig in die Wand oder Innen wandb\u00fcndig \u00a0sein. [&hellip;]\" \/>\n<meta property=\"og:url\" content=\"https:\/\/www.evolux.it\/de\/produkte\/bglass\/\" \/>\n<meta property=\"og:site_name\" content=\"Evolux Infissi\" \/>\n<meta property=\"article:modified_time\" content=\"2016-11-08T18:12:39+00:00\" \/>\n<meta property=\"og:image\" content=\"http:\/\/www.evolux.it\/wp-content\/uploads\/Pdf-icona.png\" \/>\n<meta name=\"twitter:card\" content=\"summary_large_image\" \/>\n<meta name=\"twitter:label1\" content=\"Gesch\u00e4tzte Lesezeit\" \/>\n\t<meta name=\"twitter:data1\" content=\"2\u00a0Minuten\" \/>\n<script type=\"application\/ld+json\" class=\"yoast-schema-graph\">{\"@context\":\"https:\/\/schema.org\",\"@graph\":[{\"@type\":\"WebPage\",\"@id\":\"https:\/\/www.evolux.it\/de\/produkte\/bglass\/\",\"url\":\"https:\/\/www.evolux.it\/de\/produkte\/bglass\/\",\"name\":\"BGlass - Evolux Infissi\",\"isPartOf\":{\"@id\":\"https:\/\/www.evolux.it\/#website\"},\"primaryImageOfPage\":{\"@id\":\"https:\/\/www.evolux.it\/de\/produkte\/bglass\/#primaryimage\"},\"image\":{\"@id\":\"https:\/\/www.evolux.it\/de\/produkte\/bglass\/#primaryimage\"},\"thumbnailUrl\":\"http:\/\/www.evolux.it\/wp-content\/uploads\/Pdf-icona.png\",\"datePublished\":\"2016-11-08T16:23:41+00:00\",\"dateModified\":\"2016-11-08T18:12:39+00:00\",\"breadcrumb\":{\"@id\":\"https:\/\/www.evolux.it\/de\/produkte\/bglass\/#breadcrumb\"},\"inLanguage\":\"de\",\"potentialAction\":[{\"@type\":\"ReadAction\",\"target\":[\"https:\/\/www.evolux.it\/de\/produkte\/bglass\/\"]}]},{\"@type\":\"ImageObject\",\"inLanguage\":\"de\",\"@id\":\"https:\/\/www.evolux.it\/de\/produkte\/bglass\/#primaryimage\",\"url\":\"http:\/\/www.evolux.it\/wp-content\/uploads\/Pdf-icona.png\",\"contentUrl\":\"http:\/\/www.evolux.it\/wp-content\/uploads\/Pdf-icona.png\"},{\"@type\":\"BreadcrumbList\",\"@id\":\"https:\/\/www.evolux.it\/de\/produkte\/bglass\/#breadcrumb\",\"itemListElement\":[{\"@type\":\"ListItem\",\"position\":1,\"name\":\"Home\",\"item\":\"https:\/\/www.evolux.it\/\"},{\"@type\":\"ListItem\",\"position\":2,\"name\":\"Produkte\",\"item\":\"https:\/\/www.evolux.it\/de\/produkte\/\"},{\"@type\":\"ListItem\",\"position\":3,\"name\":\"BGlass\"}]},{\"@type\":\"WebSite\",\"@id\":\"https:\/\/www.evolux.it\/#website\",\"url\":\"https:\/\/www.evolux.it\/\",\"name\":\"Evolux Infissi\",\"description\":\"Infissi filomuro tutto vetro\",\"potentialAction\":[{\"@type\":\"SearchAction\",\"target\":{\"@type\":\"EntryPoint\",\"urlTemplate\":\"https:\/\/www.evolux.it\/?s={search_term_string}\"},\"query-input\":\"required name=search_term_string\"}],\"inLanguage\":\"de\"}]}<\/script>\n<!-- \/ Yoast SEO plugin. -->","yoast_head_json":{"title":"BGlass - Evolux Infissi","robots":{"index":"index","follow":"follow","max-snippet":"max-snippet:-1","max-image-preview":"max-image-preview:large","max-video-preview":"max-video-preview:-1"},"canonical":"https:\/\/www.evolux.it\/de\/produkte\/bglass\/","og_locale":"de_DE","og_type":"article","og_title":"BGlass - Evolux Infissi","og_description":"EVOLUX BGLASS BGLASS ist das neueste Fenster \u201edas verschwindet\u201c aus der Linie EVOLUX. Die Zarge besteht aus Aluminium und PVC und wird als Zarge bzw. Einbaukasten verwendet, das die Befestigung direkt an der \u00a0Mauerwand oder an irgend einer anderen Art von Wand erm\u00f6glicht. Deren Befestigung \u00a0kann entweder mittig in die Wand oder Innen wandb\u00fcndig \u00a0sein. [&hellip;]","og_url":"https:\/\/www.evolux.it\/de\/produkte\/bglass\/","og_site_name":"Evolux Infissi","article_modified_time":"2016-11-08T18:12:39+00:00","og_image":[{"url":"http:\/\/www.evolux.it\/wp-content\/uploads\/Pdf-icona.png"}],"twitter_card":"summary_large_image","twitter_misc":{"Gesch\u00e4tzte Lesezeit":"2\u00a0Minuten"},"schema":{"@context":"https:\/\/schema.org","@graph":[{"@type":"WebPage","@id":"https:\/\/www.evolux.it\/de\/produkte\/bglass\/","url":"https:\/\/www.evolux.it\/de\/produkte\/bglass\/","name":"BGlass - Evolux Infissi","isPartOf":{"@id":"https:\/\/www.evolux.it\/#website"},"primaryImageOfPage":{"@id":"https:\/\/www.evolux.it\/de\/produkte\/bglass\/#primaryimage"},"image":{"@id":"https:\/\/www.evolux.it\/de\/produkte\/bglass\/#primaryimage"},"thumbnailUrl":"http:\/\/www.evolux.it\/wp-content\/uploads\/Pdf-icona.png","datePublished":"2016-11-08T16:23:41+00:00","dateModified":"2016-11-08T18:12:39+00:00","breadcrumb":{"@id":"https:\/\/www.evolux.it\/de\/produkte\/bglass\/#breadcrumb"},"inLanguage":"de","potentialAction":[{"@type":"ReadAction","target":["https:\/\/www.evolux.it\/de\/produkte\/bglass\/"]}]},{"@type":"ImageObject","inLanguage":"de","@id":"https:\/\/www.evolux.it\/de\/produkte\/bglass\/#primaryimage","url":"http:\/\/www.evolux.it\/wp-content\/uploads\/Pdf-icona.png","contentUrl":"http:\/\/www.evolux.it\/wp-content\/uploads\/Pdf-icona.png"},{"@type":"BreadcrumbList","@id":"https:\/\/www.evolux.it\/de\/produkte\/bglass\/#breadcrumb","itemListElement":[{"@type":"ListItem","position":1,"name":"Home","item":"https:\/\/www.evolux.it\/"},{"@type":"ListItem","position":2,"name":"Produkte","item":"https:\/\/www.evolux.it\/de\/produkte\/"},{"@type":"ListItem","position":3,"name":"BGlass"}]},{"@type":"WebSite","@id":"https:\/\/www.evolux.it\/#website","url":"https:\/\/www.evolux.it\/","name":"Evolux Infissi","description":"Infissi filomuro tutto vetro","potentialAction":[{"@type":"SearchAction","target":{"@type":"EntryPoint","urlTemplate":"https:\/\/www.evolux.it\/?s={search_term_string}"},"query-input":"required name=search_term_string"}],"inLanguage":"de"}]}},"_links":{"self":[{"href":"https:\/\/www.evolux.it\/de\/wp-json\/wp\/v2\/pages\/1509","targetHints":{"allow":["GET"]}}],"collection":[{"href":"https:\/\/www.evolux.it\/de\/wp-json\/wp\/v2\/pages"}],"about":[{"href":"https:\/\/www.evolux.it\/de\/wp-json\/wp\/v2\/types\/page"}],"author":[{"embeddable":true,"href":"https:\/\/www.evolux.it\/de\/wp-json\/wp\/v2\/users\/2"}],"replies":[{"embeddable":true,"href":"https:\/\/www.evolux.it\/de\/wp-json\/wp\/v2\/comments?post=1509"}],"version-history":[{"count":3,"href":"https:\/\/www.evolux.it\/de\/wp-json\/wp\/v2\/pages\/1509\/revisions"}],"predecessor-version":[{"id":1636,"href":"https:\/\/www.evolux.it\/de\/wp-json\/wp\/v2\/pages\/1509\/revisions\/1636"}],"up":[{"embeddable":true,"href":"https:\/\/www.evolux.it\/de\/wp-json\/wp\/v2\/pages\/1500"}],"wp:attachment":[{"href":"https:\/\/www.evolux.it\/de\/wp-json\/wp\/v2\/media?parent=1509"}],"curies":[{"name":"wp","href":"https:\/\/api.w.org\/{rel}","templated":true}]}}