{"id":1516,"date":"2016-11-08T17:31:31","date_gmt":"2016-11-08T16:31:31","guid":{"rendered":"http:\/\/www.evolux.it\/?page_id=1516&#038;lang=de"},"modified":"2016-11-08T17:31:31","modified_gmt":"2016-11-08T16:31:31","slug":"combo","status":"publish","type":"page","link":"https:\/\/www.evolux.it\/de\/produkte\/combo\/","title":{"rendered":"Combo"},"content":{"rendered":"<div class=\"pprod prod1 nero\">\n<div class=\"contenuto\">\n<div class=\"meta-sx\">\n<h2><span class=\"evolux\">EVOLUX<\/span> Combo<br \/>\nIsolerien Fenster<\/h2>\n<p><span style=\"font-weight: 400;\">COMBO ist das zweite Fenster \u201edas verschwindet\u201c aus der Linie EVOLUX. Diese wurde im Jahr 2008 entwickelt. Die Zarge besteht aus Aluminium und PVC und wird als Zarge bzw. Einbaukasten verwendet, das die Befestigung direkt an der \u00a0Mauerwand oder an irgend einer anderen Art von Wand erm\u00f6glicht. Deren Befestigung \u00a0kann entweder mittig in die Wand oder Innen wandb\u00fcndig \u00a0sein. Der Fl\u00fcgel der sich \u00f6ffnet besteht aus lamellares Okoum\u00e9 , das ein weiches und sehr dauerhaftes Holz ist und sich besonders an der Lackierung der Oberfl\u00e4che eignet. <\/span><\/p>\n<p><span style=\"font-weight: 400;\">Die Haupteigenschaft des COMBO-Fl\u00fcgels ist, dass es keinen Fl\u00fcgel-Profil hat. Au\u00dferdem hat es <\/span><\/p>\n<p><span style=\"font-weight: 400;\">Au\u00dfen ein geh\u00e4rtetes Glas mit Siebdruck , das hervorragende thermische Leistungen hat ( zwei Kammer und dreifaches Glas Ug=0,6 W\/m\u00b2K) . Diese Version hat h\u00f6here Kosten gegen\u00fcber der Version PRIME. Es stellt eine besonders interessante L\u00f6sung dar, indem im Fall von mehreren <\/span><\/p>\n<p><span style=\"font-weight: 400;\">Fl\u00fcgeln die zwei \u00a0nahestehende Glas-Scheiben eine einzigartig moderne Au\u00dfensicht erzeugen, an das Fenster selbst und an der Fassade. Auch in Sondermassen machbar mit der WIND-WIDERST\u00c4NDIGE EVOLUX SCHARNIERE die hier serienm\u00e4\u00dfig ist und eine hohe Tragkraft sowie \u00a0Sicherheit bei der Benutzung garantiert. <\/span><\/p>\n<p><a class=\"pdfcat\" href=\"\/wp-content\/uploads\/EVOLUXPrime-Combo.pdf\"><img loading=\"lazy\" decoding=\"async\" class=\"alignleft wp-image-1001 size-full\" src=\"http:\/\/www.evolux.it\/wp-content\/uploads\/Pdf-icona.png\" alt=\"SCARICA IL CATALOGO\" width=\"50\" height=\"72\" \/>KATALOG RUNTERLADEN<\/a><br \/>\n<a class=\"linkfoto\" href=\"\/media\/#combo\"><img loading=\"lazy\" decoding=\"async\" class=\"alignleft size-full wp-image-1066\" src=\"http:\/\/www.evolux.it\/wp-content\/uploads\/foto-gallery.png\" alt=\"foto-gallery\" width=\"47\" height=\"36\" \/>SIEHE PHOTO-GALERIE<\/a><\/p>\n<\/div>\n<div class=\"meta-dx nero\"><img decoding=\"async\" class=\"aligncenter\" src=\"http:\/\/www.evolux.it\/wp-content\/uploads\/Combo-Evolux.jpg\" alt=\"Combo-Evolux\" \/><\/div>\n<div class=\"clearfix\">\n<hr \/>\n<\/div>\n<\/div>\n<\/div>\n<div class=\"pprod grigio3\">\n<div class=\"contenuto\"><img loading=\"lazy\" decoding=\"async\" width=\"1919\" height=\"1198\" class=\"alignnone size-full wp-image-914\" src=\"http:\/\/www.evolux.it\/wp-content\/uploads\/EV1combo-finestra.jpg\" alt=\"EV1combo-finestra\" srcset=\"https:\/\/www.evolux.it\/wp-content\/uploads\/EV1combo-finestra.jpg 1919w, https:\/\/www.evolux.it\/wp-content\/uploads\/EV1combo-finestra-300x187.jpg 300w, https:\/\/www.evolux.it\/wp-content\/uploads\/EV1combo-finestra-1024x639.jpg 1024w\" sizes=\"auto, (max-width: 1919px) 100vw, 1919px\" \/><a id=\"alzante-scorrevole-hs\" name=\"alzante-scorrevole-hs\"><\/a><\/div>\n<\/div>\n<div class=\"pprod grigio2\">\n<div class=\"contenuto\">\n<div class=\"meta-dx grigio2\">\n<h2><span class=\"evolux\">EVOLUX<\/span> Combo<br \/>\nHS Scorrevole<\/h2>\n<p>HS SCORREVOLE COMBO\u00a0\u00e8 la nuova soluzione di vetrate scorrevoli, dove il vetro fisso a filo pavimento rende l\u2019alzante scorrevole indiscusso strumento di design, capace di soddisfare esigenze di innovazione progettuale a minimalismo estetico, creando ambienti moderni , con lo spazio che diventa protagonista in una soluzione di continuit\u00e0 tra interno ed esterno. A differenza della versione PRIME, questa soluzione \u00e8 quella pi\u00f9 performante dal punto di vista termico.<\/p>\n<p>Il principale elemento innovativo di quest&#8217;infisso \u00e8 rappresentato dal telaio in alluminio e pvc sviluppato su 4 lati, un particolare costruttivo \u201cunico\u201d per la sua capacit\u00e0 di conferire la massima stabilit\u00e0 strutturale alla componente da installare in cantiere, con evidenti vantaggi per le opere di installazione, facilmente intuibili.<\/p>\n<p>La vetrazione, definita in base alle dimensioni e al risultato ricercato, diventa attore principale, denotando l\u2019alzante scorrevole come elemento strutturale ad elevata flessibilit\u00e0 compositiva.<br \/>\n<a class=\"pdfcat\" href=\"\/wp-content\/uploads\/HS-EVOLUX.pdf\"><img loading=\"lazy\" decoding=\"async\" class=\"alignleft wp-image-1001 size-full\" src=\"http:\/\/www.evolux.it\/wp-content\/uploads\/Pdf-icona.png\" alt=\"SCARICA IL CATALOGO\" width=\"50\" height=\"72\" \/>KATALOG RUNTERLADEN<\/a><\/p>\n<p><a class=\"pdfcat\" href=\"\/wp-content\/uploads\/HS-EVOLUX.pdf\">SIEHE PHOTO-GALERIE<\/a><a class=\"linkfoto\" href=\"\/media\/#hs\"><img loading=\"lazy\" decoding=\"async\" class=\"alignleft size-full wp-image-1066\" src=\"http:\/\/www.evolux.it\/wp-content\/uploads\/foto-gallery.png\" alt=\"foto-gallery\" width=\"47\" height=\"36\" \/><\/a><\/p>\n<\/div>\n<div class=\"meta-sx grigio2\"><img decoding=\"async\" class=\"aligncenter\" src=\"\/wp-content\/uploads\/Combo-Hs-Evolux.jpg\" alt=\"Combo-Hs-Evolux\" \/><\/div>\n<div class=\"clearfix\">\n<hr \/>\n<\/div>\n<\/div>\n<\/div>\n<div class=\"pprod grigio3\">\n<div class=\"contenuto\"><img loading=\"lazy\" decoding=\"async\" class=\"alignnone size-full wp-image-983\" src=\"http:\/\/www.evolux.it\/wp-content\/uploads\/HS-combo-finiture.materiali.jpg\" alt=\"HS-combo-finiture.materiali\" width=\"1920\" height=\"1121\" srcset=\"https:\/\/www.evolux.it\/wp-content\/uploads\/HS-combo-finiture.materiali.jpg 1920w, https:\/\/www.evolux.it\/wp-content\/uploads\/HS-combo-finiture.materiali-300x175.jpg 300w, https:\/\/www.evolux.it\/wp-content\/uploads\/HS-combo-finiture.materiali-1024x597.jpg 1024w\" sizes=\"auto, (max-width: 1920px) 100vw, 1920px\" \/><\/div>\n<\/div>\n","protected":false},"excerpt":{"rendered":"<p>EVOLUX Combo Isolerien Fenster COMBO ist das zweite Fenster \u201edas verschwindet\u201c aus der Linie EVOLUX. Diese wurde im Jahr 2008 entwickelt. Die Zarge besteht aus Aluminium und PVC und wird als Zarge bzw. Einbaukasten verwendet, das die Befestigung direkt an der \u00a0Mauerwand oder an irgend einer anderen Art von Wand erm\u00f6glicht. Deren Befestigung \u00a0kann entweder [&hellip;]<\/p>\n","protected":false},"author":2,"featured_media":0,"parent":1500,"menu_order":0,"comment_status":"open","ping_status":"closed","template":"page-prodotti.php","meta":{"footnotes":""},"class_list":["post-1516","page","type-page","status-publish","hentry"],"yoast_head":"<!-- This site is optimized with the Yoast SEO plugin v22.6 - https:\/\/yoast.com\/wordpress\/plugins\/seo\/ -->\n<title>Combo - Evolux Infissi<\/title>\n<meta name=\"robots\" content=\"index, follow, max-snippet:-1, max-image-preview:large, max-video-preview:-1\" \/>\n<link rel=\"canonical\" href=\"https:\/\/www.evolux.it\/de\/produkte\/combo\/\" \/>\n<meta property=\"og:locale\" content=\"de_DE\" \/>\n<meta property=\"og:type\" content=\"article\" \/>\n<meta property=\"og:title\" content=\"Combo - Evolux Infissi\" \/>\n<meta property=\"og:description\" content=\"EVOLUX Combo Isolerien Fenster COMBO ist das zweite Fenster \u201edas verschwindet\u201c aus der Linie EVOLUX. Diese wurde im Jahr 2008 entwickelt. Die Zarge besteht aus Aluminium und PVC und wird als Zarge bzw. Einbaukasten verwendet, das die Befestigung direkt an der \u00a0Mauerwand oder an irgend einer anderen Art von Wand erm\u00f6glicht. Deren Befestigung \u00a0kann entweder [&hellip;]\" \/>\n<meta property=\"og:url\" content=\"https:\/\/www.evolux.it\/de\/produkte\/combo\/\" \/>\n<meta property=\"og:site_name\" content=\"Evolux Infissi\" \/>\n<meta property=\"og:image\" content=\"http:\/\/www.evolux.it\/wp-content\/uploads\/Pdf-icona.png\" \/>\n<meta name=\"twitter:card\" content=\"summary_large_image\" \/>\n<meta name=\"twitter:label1\" content=\"Gesch\u00e4tzte Lesezeit\" \/>\n\t<meta name=\"twitter:data1\" content=\"2\u00a0Minuten\" \/>\n<script type=\"application\/ld+json\" class=\"yoast-schema-graph\">{\"@context\":\"https:\/\/schema.org\",\"@graph\":[{\"@type\":\"WebPage\",\"@id\":\"https:\/\/www.evolux.it\/de\/produkte\/combo\/\",\"url\":\"https:\/\/www.evolux.it\/de\/produkte\/combo\/\",\"name\":\"Combo - Evolux Infissi\",\"isPartOf\":{\"@id\":\"https:\/\/www.evolux.it\/#website\"},\"primaryImageOfPage\":{\"@id\":\"https:\/\/www.evolux.it\/de\/produkte\/combo\/#primaryimage\"},\"image\":{\"@id\":\"https:\/\/www.evolux.it\/de\/produkte\/combo\/#primaryimage\"},\"thumbnailUrl\":\"http:\/\/www.evolux.it\/wp-content\/uploads\/Pdf-icona.png\",\"datePublished\":\"2016-11-08T16:31:31+00:00\",\"dateModified\":\"2016-11-08T16:31:31+00:00\",\"breadcrumb\":{\"@id\":\"https:\/\/www.evolux.it\/de\/produkte\/combo\/#breadcrumb\"},\"inLanguage\":\"de\",\"potentialAction\":[{\"@type\":\"ReadAction\",\"target\":[\"https:\/\/www.evolux.it\/de\/produkte\/combo\/\"]}]},{\"@type\":\"ImageObject\",\"inLanguage\":\"de\",\"@id\":\"https:\/\/www.evolux.it\/de\/produkte\/combo\/#primaryimage\",\"url\":\"http:\/\/www.evolux.it\/wp-content\/uploads\/Pdf-icona.png\",\"contentUrl\":\"http:\/\/www.evolux.it\/wp-content\/uploads\/Pdf-icona.png\"},{\"@type\":\"BreadcrumbList\",\"@id\":\"https:\/\/www.evolux.it\/de\/produkte\/combo\/#breadcrumb\",\"itemListElement\":[{\"@type\":\"ListItem\",\"position\":1,\"name\":\"Home\",\"item\":\"https:\/\/www.evolux.it\/\"},{\"@type\":\"ListItem\",\"position\":2,\"name\":\"Produkte\",\"item\":\"https:\/\/www.evolux.it\/de\/produkte\/\"},{\"@type\":\"ListItem\",\"position\":3,\"name\":\"Combo\"}]},{\"@type\":\"WebSite\",\"@id\":\"https:\/\/www.evolux.it\/#website\",\"url\":\"https:\/\/www.evolux.it\/\",\"name\":\"Evolux Infissi\",\"description\":\"Infissi filomuro tutto vetro\",\"potentialAction\":[{\"@type\":\"SearchAction\",\"target\":{\"@type\":\"EntryPoint\",\"urlTemplate\":\"https:\/\/www.evolux.it\/?s={search_term_string}\"},\"query-input\":\"required name=search_term_string\"}],\"inLanguage\":\"de\"}]}<\/script>\n<!-- \/ Yoast SEO plugin. -->","yoast_head_json":{"title":"Combo - Evolux Infissi","robots":{"index":"index","follow":"follow","max-snippet":"max-snippet:-1","max-image-preview":"max-image-preview:large","max-video-preview":"max-video-preview:-1"},"canonical":"https:\/\/www.evolux.it\/de\/produkte\/combo\/","og_locale":"de_DE","og_type":"article","og_title":"Combo - Evolux Infissi","og_description":"EVOLUX Combo Isolerien Fenster COMBO ist das zweite Fenster \u201edas verschwindet\u201c aus der Linie EVOLUX. Diese wurde im Jahr 2008 entwickelt. Die Zarge besteht aus Aluminium und PVC und wird als Zarge bzw. Einbaukasten verwendet, das die Befestigung direkt an der \u00a0Mauerwand oder an irgend einer anderen Art von Wand erm\u00f6glicht. Deren Befestigung \u00a0kann entweder [&hellip;]","og_url":"https:\/\/www.evolux.it\/de\/produkte\/combo\/","og_site_name":"Evolux Infissi","og_image":[{"url":"http:\/\/www.evolux.it\/wp-content\/uploads\/Pdf-icona.png"}],"twitter_card":"summary_large_image","twitter_misc":{"Gesch\u00e4tzte Lesezeit":"2\u00a0Minuten"},"schema":{"@context":"https:\/\/schema.org","@graph":[{"@type":"WebPage","@id":"https:\/\/www.evolux.it\/de\/produkte\/combo\/","url":"https:\/\/www.evolux.it\/de\/produkte\/combo\/","name":"Combo - Evolux Infissi","isPartOf":{"@id":"https:\/\/www.evolux.it\/#website"},"primaryImageOfPage":{"@id":"https:\/\/www.evolux.it\/de\/produkte\/combo\/#primaryimage"},"image":{"@id":"https:\/\/www.evolux.it\/de\/produkte\/combo\/#primaryimage"},"thumbnailUrl":"http:\/\/www.evolux.it\/wp-content\/uploads\/Pdf-icona.png","datePublished":"2016-11-08T16:31:31+00:00","dateModified":"2016-11-08T16:31:31+00:00","breadcrumb":{"@id":"https:\/\/www.evolux.it\/de\/produkte\/combo\/#breadcrumb"},"inLanguage":"de","potentialAction":[{"@type":"ReadAction","target":["https:\/\/www.evolux.it\/de\/produkte\/combo\/"]}]},{"@type":"ImageObject","inLanguage":"de","@id":"https:\/\/www.evolux.it\/de\/produkte\/combo\/#primaryimage","url":"http:\/\/www.evolux.it\/wp-content\/uploads\/Pdf-icona.png","contentUrl":"http:\/\/www.evolux.it\/wp-content\/uploads\/Pdf-icona.png"},{"@type":"BreadcrumbList","@id":"https:\/\/www.evolux.it\/de\/produkte\/combo\/#breadcrumb","itemListElement":[{"@type":"ListItem","position":1,"name":"Home","item":"https:\/\/www.evolux.it\/"},{"@type":"ListItem","position":2,"name":"Produkte","item":"https:\/\/www.evolux.it\/de\/produkte\/"},{"@type":"ListItem","position":3,"name":"Combo"}]},{"@type":"WebSite","@id":"https:\/\/www.evolux.it\/#website","url":"https:\/\/www.evolux.it\/","name":"Evolux Infissi","description":"Infissi filomuro tutto vetro","potentialAction":[{"@type":"SearchAction","target":{"@type":"EntryPoint","urlTemplate":"https:\/\/www.evolux.it\/?s={search_term_string}"},"query-input":"required name=search_term_string"}],"inLanguage":"de"}]}},"_links":{"self":[{"href":"https:\/\/www.evolux.it\/de\/wp-json\/wp\/v2\/pages\/1516","targetHints":{"allow":["GET"]}}],"collection":[{"href":"https:\/\/www.evolux.it\/de\/wp-json\/wp\/v2\/pages"}],"about":[{"href":"https:\/\/www.evolux.it\/de\/wp-json\/wp\/v2\/types\/page"}],"author":[{"embeddable":true,"href":"https:\/\/www.evolux.it\/de\/wp-json\/wp\/v2\/users\/2"}],"replies":[{"embeddable":true,"href":"https:\/\/www.evolux.it\/de\/wp-json\/wp\/v2\/comments?post=1516"}],"version-history":[{"count":1,"href":"https:\/\/www.evolux.it\/de\/wp-json\/wp\/v2\/pages\/1516\/revisions"}],"predecessor-version":[{"id":1517,"href":"https:\/\/www.evolux.it\/de\/wp-json\/wp\/v2\/pages\/1516\/revisions\/1517"}],"up":[{"embeddable":true,"href":"https:\/\/www.evolux.it\/de\/wp-json\/wp\/v2\/pages\/1500"}],"wp:attachment":[{"href":"https:\/\/www.evolux.it\/de\/wp-json\/wp\/v2\/media?parent=1516"}],"curies":[{"name":"wp","href":"https:\/\/api.w.org\/{rel}","templated":true}]}}