{"id":1548,"date":"2016-11-08T18:01:48","date_gmt":"2016-11-08T17:01:48","guid":{"rendered":"http:\/\/www.evolux.it\/?page_id=1548&#038;lang=fr"},"modified":"2017-01-20T11:45:26","modified_gmt":"2017-01-20T10:45:26","slug":"bglass","status":"publish","type":"page","link":"https:\/\/www.evolux.it\/fr\/produits\/bglass\/","title":{"rendered":"BGlass"},"content":{"rendered":"<div class=\"pprod bianco\">\n<div class=\"contenuto bianco\">\n<div class=\"meta-sx bianco\">\n<h2><span class=\"evolux\">EVOLUX<\/span> BGLASS<\/h2>\n<p><span style=\"font-weight: 400;\">BGLASS est la fen\u00eatre qui dispara\u00eet la plus r\u00e9cente, laquelle fait partie de la gamme EVOLUX. <\/span><\/p>\n<p><span style=\"font-weight: 400;\">Son cadre en alluminium et pvc est utiliz\u00e9 comme cadre\/caisson \u00e0 fixer directement \u00e0 la ma\u00e7onnerie ou \u00e0 chaque typologie de mur; au milieu du mur ou \u00e0 fleur du mur \u00e0 l\u2019int\u00e9rieur.<\/span><\/p>\n<p><span style=\"font-weight: 400;\">Le volet qu s\u2019ouvre est fabriqu\u00e9e en triple verre thermique double face . Le p\u00e9rim\u00e8tre est imprim\u00e9 et il couvre le \u00a0volet en bois de okoum\u00e9 lamell\u00e9 dans sa partie int\u00e9rieure et ext\u00e9rieure. Seulement les bords restent visibles. La solution BGLASS est la seule typologie de fen\u00eatres qui ne subit pas le vieillissement. La planarit\u00e9 des verres extra clairs exalte le charme du produit et il devient unique. Aussi faisible \u00a0en grands dimensions avec la CHARNIERE \u00a0PROT\u00c9GEANTE DU VENT \u00a0EVOLUX, \u00a0livr\u00e9e en standard. \u00c7a garanti une haute capacit\u00e9 portante \u00a0et la s\u00e9curit\u00e9 dans son utilization.<\/span><br \/>\n<a class=\"pdfcat\" href=\"\/wp-content\/uploads\/EVOLUXbGlass.pdf\"><img loading=\"lazy\" decoding=\"async\" class=\"alignleft wp-image-1001 size-full\" src=\"http:\/\/www.evolux.it\/wp-content\/uploads\/Pdf-icona.png\" alt=\"SCARICA IL CATALOGO\" width=\"50\" height=\"72\" \/><\/a><\/p>\n<p><a href=\"\/wp-content\/uploads\/EVOLUXbGlass.pdf\"><span style=\"font-weight: 400;\">T\u00c9L\u00c9CHARGER LE CATALOGUE<\/span><\/a><br \/>\n<a class=\"linkfoto\" href=\"http:\/\/www.evolux.it\/fr\/media\/#bglass\"><img loading=\"lazy\" decoding=\"async\" class=\"alignleft size-full wp-image-1066\" src=\"http:\/\/www.evolux.it\/wp-content\/uploads\/foto-gallery.png\" alt=\"foto-gallery\" width=\"47\" height=\"36\" \/> <span style=\"font-weight: 400;\">REGARDEZ LA GALERIE PHOTOGRAPHIQUE<\/span><\/a><\/p>\n<\/div>\n<div class=\"meta-dx bianco\"><img decoding=\"async\" class=\"aligncenter\" src=\"http:\/\/www.evolux.it\/wp-content\/uploads\/BGlass-Evolux.jpg\" alt=\"BGlass-Evolux\" \/><\/div>\n<div class=\"clearfix\">\n<hr \/>\n<\/div>\n<\/div>\n<\/div>\n<div class=\"pprod grigio3\">\n<div class=\"contenuto\"><img loading=\"lazy\" decoding=\"async\" class=\"alignnone size-full wp-image-915\" src=\"http:\/\/www.evolux.it\/wp-content\/uploads\/EV1bglass-finestra.jpg\" alt=\"EV1bglass-finestra\" width=\"1920\" height=\"1201\" srcset=\"https:\/\/www.evolux.it\/wp-content\/uploads\/EV1bglass-finestra.jpg 1920w, https:\/\/www.evolux.it\/wp-content\/uploads\/EV1bglass-finestra-300x187.jpg 300w, https:\/\/www.evolux.it\/wp-content\/uploads\/EV1bglass-finestra-1024x640.jpg 1024w\" sizes=\"auto, (max-width: 1920px) 100vw, 1920px\" \/><a id=\"alzante-scorrevole-hs\" name=\"alzante-scorrevole-hs\"><\/a><\/div>\n<\/div>\n<div class=\"pprod grigio1\">\n<div class=\"contenuto\">\n<div class=\"meta-dx grigio1\">\n<h2><span class=\"evolux\">EVOLUX<\/span> BGlass<br \/>\nHS\u00a0Coulissante<\/h2>\n<p><span style=\"font-weight: 400;\">HS COULISSANTE PRIME est la nouvelle solution de vitraux coulissants, o\u00f9 le verre fix \u00e0 fleur du sol fait de la solution coulissante \u00e0 soulever un moyen incontest\u00e9 de design. Cela est en mesure de sathisfaire le besoin de innovation dans la conception et du minimalisme esth\u00e9tique. Il va cr\u00e9er des milieux modernes o\u00f9 l\u2019\u00e9space devient le protagoniste dans une solution de continuit\u00e9 entre l\u2019int\u00e9rieur et l\u2019ext\u00e9rieur . Son caract\u00e8re essentiel est dans ses lignes esth\u00e9tiques et devient une particularit\u00e9 dans la solution BGLASS. <\/span><\/p>\n<p><span style=\"font-weight: 400;\">L\u2019\u00e9l\u00e9ment principale de l\u2019innovation est le cadre en alluminium et pvc developp\u00e9 sur les 4 c\u00f4t\u00e9es \u00a0. \u00c7a repr\u00e9sent une characteristique de construction \u201cunique\u201d , due \u00e0 sa capacit\u00e9 de donner la maximale stabilit\u00e9 structurelle \u00e0 l\u2019\u00e9l\u00e9ment \u00e0 installer dans le chantier. Les avantages sur les travaux d\u2019installation sont facilement \u00e0 imaginer. <\/span><\/p>\n<p><span style=\"font-weight: 400;\">La typologie du verre est definie selon les mesures du vitrail et selon le r\u00e9sultat qu\u2019on veut obtenir. Le verre devient l\u2019acteur principale et fait de la solution coulissante \u00e0 soulever un \u00e9l\u00e9ment structurel avec une haute flexibilit\u00e9 dans sa possibilit\u00e9 de composition.<\/span><\/p>\n<p><a class=\"pdfcat\" href=\"\/wp-content\/uploads\/HS-EVOLUX.pdf\"><img loading=\"lazy\" decoding=\"async\" class=\"alignleft wp-image-1001 size-full\" src=\"http:\/\/www.evolux.it\/wp-content\/uploads\/Pdf-icona.png\" alt=\"SCARICA IL CATALOGO\" width=\"50\" height=\"72\" \/><\/a><a href=\"\/wp-content\/uploads\/EVOLUXbGlass.pdf\"><span style=\"font-weight: 400;\">T\u00c9L\u00c9CHARGER LE CATALOGUE<\/span><\/a><a class=\"pdfcat\" href=\"\/wp-content\/uploads\/HS-EVOLUX.pdf\"><br \/>\n<\/a><a class=\"linkfoto\" href=\"http:\/\/www.evolux.it\/fr\/media\/#bglass\"><img loading=\"lazy\" decoding=\"async\" class=\"alignleft size-full wp-image-1066\" src=\"http:\/\/www.evolux.it\/wp-content\/uploads\/foto-gallery.png\" alt=\"foto-gallery\" width=\"47\" height=\"36\" \/><span style=\"font-weight: 400;\">REGARDEZ LA GALERIE PHOTOGRAPHIQUE<\/span><\/a><a class=\"pdfcat\" href=\"\/wp-content\/uploads\/HS-EVOLUX.pdf\"><br \/>\n<\/a><\/p>\n<\/div>\n<div class=\"meta-sx grigio1\"><img decoding=\"async\" class=\"aligncenter\" src=\"http:\/\/www.evolux.it\/wp-content\/uploads\/BGlass-HS-Scorrevole.jpg\" alt=\"BGlass-HS-Scorrevole\" \/><\/div>\n<div class=\"clearfix\">\n<hr \/>\n<\/div>\n<\/div>\n<\/div>\n<div class=\"pprod grigio3\">\n<div class=\"contenuto\"><img loading=\"lazy\" decoding=\"async\" class=\"alignnone size-full wp-image-982\" src=\"http:\/\/www.evolux.it\/wp-content\/uploads\/HS-bglass-finiture.materiali.jpg\" alt=\"HS-bglass-finiture.materiali\" width=\"1920\" height=\"1121\" srcset=\"https:\/\/www.evolux.it\/wp-content\/uploads\/HS-bglass-finiture.materiali.jpg 1920w, https:\/\/www.evolux.it\/wp-content\/uploads\/HS-bglass-finiture.materiali-300x175.jpg 300w, https:\/\/www.evolux.it\/wp-content\/uploads\/HS-bglass-finiture.materiali-1024x597.jpg 1024w\" sizes=\"auto, (max-width: 1920px) 100vw, 1920px\" \/><\/div>\n<\/div>\n","protected":false},"excerpt":{"rendered":"<p>EVOLUX BGLASS BGLASS est la fen\u00eatre qui dispara\u00eet la plus r\u00e9cente, laquelle fait partie de la gamme EVOLUX. Son cadre en alluminium et pvc est utiliz\u00e9 comme cadre\/caisson \u00e0 fixer directement \u00e0 la ma\u00e7onnerie ou \u00e0 chaque typologie de mur; au milieu du mur ou \u00e0 fleur du mur \u00e0 l\u2019int\u00e9rieur. Le volet qu s\u2019ouvre [&hellip;]<\/p>\n","protected":false},"author":2,"featured_media":0,"parent":1539,"menu_order":0,"comment_status":"open","ping_status":"closed","template":"page-prodotti.php","meta":{"footnotes":""},"class_list":["post-1548","page","type-page","status-publish","hentry"],"yoast_head":"<!-- This site is optimized with the Yoast SEO plugin v22.6 - https:\/\/yoast.com\/wordpress\/plugins\/seo\/ -->\n<title>BGlass - Evolux Infissi<\/title>\n<meta name=\"robots\" content=\"index, follow, max-snippet:-1, max-image-preview:large, max-video-preview:-1\" \/>\n<link rel=\"canonical\" href=\"https:\/\/www.evolux.it\/fr\/produits\/bglass\/\" \/>\n<meta property=\"og:locale\" content=\"fr_FR\" \/>\n<meta property=\"og:type\" content=\"article\" \/>\n<meta property=\"og:title\" content=\"BGlass - Evolux Infissi\" \/>\n<meta property=\"og:description\" content=\"EVOLUX BGLASS BGLASS est la fen\u00eatre qui dispara\u00eet la plus r\u00e9cente, laquelle fait partie de la gamme EVOLUX. Son cadre en alluminium et pvc est utiliz\u00e9 comme cadre\/caisson \u00e0 fixer directement \u00e0 la ma\u00e7onnerie ou \u00e0 chaque typologie de mur; au milieu du mur ou \u00e0 fleur du mur \u00e0 l\u2019int\u00e9rieur. Le volet qu s\u2019ouvre [&hellip;]\" \/>\n<meta property=\"og:url\" content=\"https:\/\/www.evolux.it\/fr\/produits\/bglass\/\" \/>\n<meta property=\"og:site_name\" content=\"Evolux Infissi\" \/>\n<meta property=\"article:modified_time\" content=\"2017-01-20T10:45:26+00:00\" \/>\n<meta property=\"og:image\" content=\"http:\/\/www.evolux.it\/wp-content\/uploads\/Pdf-icona.png\" \/>\n<meta name=\"twitter:card\" content=\"summary_large_image\" \/>\n<meta name=\"twitter:label1\" content=\"Dur\u00e9e de lecture estim\u00e9e\" \/>\n\t<meta name=\"twitter:data1\" content=\"2 minutes\" \/>\n<script type=\"application\/ld+json\" class=\"yoast-schema-graph\">{\"@context\":\"https:\/\/schema.org\",\"@graph\":[{\"@type\":\"WebPage\",\"@id\":\"https:\/\/www.evolux.it\/fr\/produits\/bglass\/\",\"url\":\"https:\/\/www.evolux.it\/fr\/produits\/bglass\/\",\"name\":\"BGlass - Evolux Infissi\",\"isPartOf\":{\"@id\":\"https:\/\/www.evolux.it\/#website\"},\"primaryImageOfPage\":{\"@id\":\"https:\/\/www.evolux.it\/fr\/produits\/bglass\/#primaryimage\"},\"image\":{\"@id\":\"https:\/\/www.evolux.it\/fr\/produits\/bglass\/#primaryimage\"},\"thumbnailUrl\":\"http:\/\/www.evolux.it\/wp-content\/uploads\/Pdf-icona.png\",\"datePublished\":\"2016-11-08T17:01:48+00:00\",\"dateModified\":\"2017-01-20T10:45:26+00:00\",\"breadcrumb\":{\"@id\":\"https:\/\/www.evolux.it\/fr\/produits\/bglass\/#breadcrumb\"},\"inLanguage\":\"fr-FR\",\"potentialAction\":[{\"@type\":\"ReadAction\",\"target\":[\"https:\/\/www.evolux.it\/fr\/produits\/bglass\/\"]}]},{\"@type\":\"ImageObject\",\"inLanguage\":\"fr-FR\",\"@id\":\"https:\/\/www.evolux.it\/fr\/produits\/bglass\/#primaryimage\",\"url\":\"http:\/\/www.evolux.it\/wp-content\/uploads\/Pdf-icona.png\",\"contentUrl\":\"http:\/\/www.evolux.it\/wp-content\/uploads\/Pdf-icona.png\"},{\"@type\":\"BreadcrumbList\",\"@id\":\"https:\/\/www.evolux.it\/fr\/produits\/bglass\/#breadcrumb\",\"itemListElement\":[{\"@type\":\"ListItem\",\"position\":1,\"name\":\"Home\",\"item\":\"https:\/\/www.evolux.it\/\"},{\"@type\":\"ListItem\",\"position\":2,\"name\":\"Produits\",\"item\":\"https:\/\/www.evolux.it\/fr\/produits\/\"},{\"@type\":\"ListItem\",\"position\":3,\"name\":\"BGlass\"}]},{\"@type\":\"WebSite\",\"@id\":\"https:\/\/www.evolux.it\/#website\",\"url\":\"https:\/\/www.evolux.it\/\",\"name\":\"Evolux Infissi\",\"description\":\"Infissi filomuro tutto vetro\",\"potentialAction\":[{\"@type\":\"SearchAction\",\"target\":{\"@type\":\"EntryPoint\",\"urlTemplate\":\"https:\/\/www.evolux.it\/?s={search_term_string}\"},\"query-input\":\"required name=search_term_string\"}],\"inLanguage\":\"fr-FR\"}]}<\/script>\n<!-- \/ Yoast SEO plugin. -->","yoast_head_json":{"title":"BGlass - Evolux Infissi","robots":{"index":"index","follow":"follow","max-snippet":"max-snippet:-1","max-image-preview":"max-image-preview:large","max-video-preview":"max-video-preview:-1"},"canonical":"https:\/\/www.evolux.it\/fr\/produits\/bglass\/","og_locale":"fr_FR","og_type":"article","og_title":"BGlass - Evolux Infissi","og_description":"EVOLUX BGLASS BGLASS est la fen\u00eatre qui dispara\u00eet la plus r\u00e9cente, laquelle fait partie de la gamme EVOLUX. Son cadre en alluminium et pvc est utiliz\u00e9 comme cadre\/caisson \u00e0 fixer directement \u00e0 la ma\u00e7onnerie ou \u00e0 chaque typologie de mur; au milieu du mur ou \u00e0 fleur du mur \u00e0 l\u2019int\u00e9rieur. Le volet qu s\u2019ouvre [&hellip;]","og_url":"https:\/\/www.evolux.it\/fr\/produits\/bglass\/","og_site_name":"Evolux Infissi","article_modified_time":"2017-01-20T10:45:26+00:00","og_image":[{"url":"http:\/\/www.evolux.it\/wp-content\/uploads\/Pdf-icona.png"}],"twitter_card":"summary_large_image","twitter_misc":{"Dur\u00e9e de lecture estim\u00e9e":"2 minutes"},"schema":{"@context":"https:\/\/schema.org","@graph":[{"@type":"WebPage","@id":"https:\/\/www.evolux.it\/fr\/produits\/bglass\/","url":"https:\/\/www.evolux.it\/fr\/produits\/bglass\/","name":"BGlass - Evolux Infissi","isPartOf":{"@id":"https:\/\/www.evolux.it\/#website"},"primaryImageOfPage":{"@id":"https:\/\/www.evolux.it\/fr\/produits\/bglass\/#primaryimage"},"image":{"@id":"https:\/\/www.evolux.it\/fr\/produits\/bglass\/#primaryimage"},"thumbnailUrl":"http:\/\/www.evolux.it\/wp-content\/uploads\/Pdf-icona.png","datePublished":"2016-11-08T17:01:48+00:00","dateModified":"2017-01-20T10:45:26+00:00","breadcrumb":{"@id":"https:\/\/www.evolux.it\/fr\/produits\/bglass\/#breadcrumb"},"inLanguage":"fr-FR","potentialAction":[{"@type":"ReadAction","target":["https:\/\/www.evolux.it\/fr\/produits\/bglass\/"]}]},{"@type":"ImageObject","inLanguage":"fr-FR","@id":"https:\/\/www.evolux.it\/fr\/produits\/bglass\/#primaryimage","url":"http:\/\/www.evolux.it\/wp-content\/uploads\/Pdf-icona.png","contentUrl":"http:\/\/www.evolux.it\/wp-content\/uploads\/Pdf-icona.png"},{"@type":"BreadcrumbList","@id":"https:\/\/www.evolux.it\/fr\/produits\/bglass\/#breadcrumb","itemListElement":[{"@type":"ListItem","position":1,"name":"Home","item":"https:\/\/www.evolux.it\/"},{"@type":"ListItem","position":2,"name":"Produits","item":"https:\/\/www.evolux.it\/fr\/produits\/"},{"@type":"ListItem","position":3,"name":"BGlass"}]},{"@type":"WebSite","@id":"https:\/\/www.evolux.it\/#website","url":"https:\/\/www.evolux.it\/","name":"Evolux Infissi","description":"Infissi filomuro tutto vetro","potentialAction":[{"@type":"SearchAction","target":{"@type":"EntryPoint","urlTemplate":"https:\/\/www.evolux.it\/?s={search_term_string}"},"query-input":"required name=search_term_string"}],"inLanguage":"fr-FR"}]}},"_links":{"self":[{"href":"https:\/\/www.evolux.it\/fr\/wp-json\/wp\/v2\/pages\/1548","targetHints":{"allow":["GET"]}}],"collection":[{"href":"https:\/\/www.evolux.it\/fr\/wp-json\/wp\/v2\/pages"}],"about":[{"href":"https:\/\/www.evolux.it\/fr\/wp-json\/wp\/v2\/types\/page"}],"author":[{"embeddable":true,"href":"https:\/\/www.evolux.it\/fr\/wp-json\/wp\/v2\/users\/2"}],"replies":[{"embeddable":true,"href":"https:\/\/www.evolux.it\/fr\/wp-json\/wp\/v2\/comments?post=1548"}],"version-history":[{"count":7,"href":"https:\/\/www.evolux.it\/fr\/wp-json\/wp\/v2\/pages\/1548\/revisions"}],"predecessor-version":[{"id":3427,"href":"https:\/\/www.evolux.it\/fr\/wp-json\/wp\/v2\/pages\/1548\/revisions\/3427"}],"up":[{"embeddable":true,"href":"https:\/\/www.evolux.it\/fr\/wp-json\/wp\/v2\/pages\/1539"}],"wp:attachment":[{"href":"https:\/\/www.evolux.it\/fr\/wp-json\/wp\/v2\/media?parent=1548"}],"curies":[{"name":"wp","href":"https:\/\/api.w.org\/{rel}","templated":true}]}}