{"id":1555,"date":"2016-11-08T18:04:02","date_gmt":"2016-11-08T17:04:02","guid":{"rendered":"http:\/\/www.evolux.it\/?page_id=1555&#038;lang=fr"},"modified":"2017-01-20T12:01:08","modified_gmt":"2017-01-20T11:01:08","slug":"combo","status":"publish","type":"page","link":"https:\/\/www.evolux.it\/fr\/produits\/combo\/","title":{"rendered":"Combo"},"content":{"rendered":"<div class=\"pprod prod1 nero\">\n<div class=\"contenuto\">\n<div class=\"meta-sx\">\n<h2><span class=\"evolux\">EVOLUX<\/span> Combo<br \/>\nFen\u00eatre Isolant<\/h2>\n<p><span style=\"font-weight: 400;\">COMBO est la deuxi\u00e8me fen\u00eatre qui dispara\u00eet de la gamme EVOLUX , developp\u00e9e en 2008.<\/span><\/p>\n<p><span style=\"font-weight: 400;\">Son cadre en alluminium et pvc est utiliz\u00e9 comme cadre\/caisson \u00e0 fixer directement \u00e0 la ma\u00e7onnerie ou \u00e0 chaque typologie de mur; au milieu du mur ou \u00e0 fleur du mur \u00e0 l\u2019int\u00e9rieur.<\/span><\/p>\n<p><span style=\"font-weight: 400;\">Le volet que s\u2019ouvre est produit en okoum\u00e9 lamell\u00e9; il s\u2019agit d\u2019une essence duttile avec une haute durabilit\u00e9 qui s\u2019adapte particuli\u00e8rement aux finitions laqu\u00e9es. <\/span><\/p>\n<p><span style=\"font-weight: 400;\">La characteristique principale du volet COMBO, est qu\u2019il n y a plus le parclose . Sur la c\u00f4t\u00e9e ext\u00e9rieure il y a un verre tremp\u00e9 s\u00e9rigraphi\u00e9 qui a des excellentes prestations thermiques (double chambre et triple verre Ug=0,6 W\/m2K). <\/span><\/p>\n<p><span style=\"font-weight: 400;\">Cette solution est propos\u00e9e avec un co\u00fbt plus haut que la version PRIME . Elle est particuli\u00e8rement int\u00e9ressante vue de l\u2019ext\u00e9rieure , quand il y a plusieures volets; dans ce cas les deux verres proches donnent \u00a0\u00e0 la fa\u00e7ade et \u00e0 la fen\u00eatre une modernit\u00e9 particuli\u00e8re. Aussi faisible \u00a0en grands dimensions avec la CHARNIERE \u00a0PROT\u00c9GEANTE DU VENT EVOLUX, \u00a0livr\u00e9e en standard. \u00c7a garanti une haute capacit\u00e9 portante \u00a0et la s\u00e9curit\u00e9 dans son utilization.<\/span><br \/>\n<a class=\"pdfcat\" href=\"\/wp-content\/uploads\/EVOLUXPrime-Combo.pdf\"><img loading=\"lazy\" decoding=\"async\" class=\"alignleft wp-image-1001 size-full\" src=\"http:\/\/www.evolux.it\/wp-content\/uploads\/Pdf-icona.png\" alt=\"SCARICA IL CATALOGO\" width=\"50\" height=\"72\" \/><\/a><\/p>\n<p><a href=\"\/wp-content\/uploads\/EVOLUXPrime-Combo.pdf\"><span style=\"font-weight: 400;\">T\u00c9L\u00c9CHARGER LES CATALOGUES EVOLUX<\/span><\/a><br \/>\n<a class=\"linkfoto\" href=\"\/media\/#combo\"><img loading=\"lazy\" decoding=\"async\" class=\"alignleft size-full wp-image-1066\" src=\"http:\/\/www.evolux.it\/wp-content\/uploads\/foto-gallery.png\" alt=\"foto-gallery\" width=\"47\" height=\"36\" \/><\/a><\/p>\n<p><span style=\"font-weight: 400;\"><a href=\"\/media\/#combo\">REGARDEZ LA GALERIE PHOTOGRAPHIQUE<\/a> <\/span><\/p>\n<\/div>\n<div class=\"meta-dx nero\"><img decoding=\"async\" class=\"aligncenter\" src=\"http:\/\/www.evolux.it\/wp-content\/uploads\/Combo-Evolux.jpg\" alt=\"Combo-Evolux\" \/><\/div>\n<div class=\"clearfix\">\n<hr \/>\n<\/div>\n<\/div>\n<\/div>\n<div class=\"pprod grigio3\">\n<div class=\"contenuto\"><img loading=\"lazy\" decoding=\"async\" width=\"1919\" height=\"1198\" class=\"alignnone size-full wp-image-914\" src=\"http:\/\/www.evolux.it\/wp-content\/uploads\/EV1combo-finestra.jpg\" alt=\"EV1combo-finestra\" srcset=\"https:\/\/www.evolux.it\/wp-content\/uploads\/EV1combo-finestra.jpg 1919w, https:\/\/www.evolux.it\/wp-content\/uploads\/EV1combo-finestra-300x187.jpg 300w, https:\/\/www.evolux.it\/wp-content\/uploads\/EV1combo-finestra-1024x639.jpg 1024w\" sizes=\"auto, (max-width: 1919px) 100vw, 1919px\" \/><a id=\"alzante-scorrevole-hs\" name=\"alzante-scorrevole-hs\"><\/a><\/div>\n<\/div>\n<div class=\"pprod grigio2\">\n<div class=\"contenuto\">\n<div class=\"meta-dx grigio2\">\n<h2><span class=\"evolux\">EVOLUX<\/span> Combo<br \/>\nHS\u00a0Coulissante<\/h2>\n<p><span style=\"font-weight: 400;\">HS COULISSANTE PRIME est la nouvelle solution de vitraux coulissants, o\u00f9 le verre fix \u00e0 fleur du sol fait de la solution coulissante \u00e0 soulever un moyen incontest\u00e9 de design. Cela est en mesure de sathisfaire le besoin de innovation dans la conception et du minimalisme esth\u00e9tique. Il va cr\u00e9er des milieux modernes o\u00f9 l\u2019\u00e9space devient le protagoniste dans une solution de continuit\u00e9 entre l\u2019int\u00e9rieur et l\u2019ext\u00e9rieur . En la comparant avec la solution PRIME, c\u2019est la solution la plus performante pour ce que concerne les \u00a0prestations thermiques .<\/span><\/p>\n<p><span style=\"font-weight: 400;\">L\u2019\u00e9l\u00e9ment principale de l\u2019innovation est le cadre en alluminium et pvc developp\u00e9 sur les 4 c\u00f4t\u00e9es \u00a0. \u00c7a repr\u00e9sent une characteristique de construction \u201cunique\u201d , due \u00e0 sa capacit\u00e9 de donner la maximale stabilit\u00e9 structurelle \u00e0 l\u2019\u00e9l\u00e9ment \u00e0 installer dans le chantier. Les avantages sur les travaux d\u2019installation sont facilement \u00e0 imaginer. <\/span><\/p>\n<p><span style=\"font-weight: 400;\">La typologie du verre est definie selon les mesures du vitrail et selon le r\u00e9sultat qu\u2019on veut obtenir. Le verre devient l\u2019acteur principale et fait de la solution coulissante \u00e0 soulever un \u00e9l\u00e9ment structurel avec une haute flexibilit\u00e9 dans sa possibilit\u00e9 de composition.<\/span><\/p>\n<p><a class=\"pdfcat\" href=\"\/wp-content\/uploads\/HS-EVOLUX.pdf\"><img loading=\"lazy\" decoding=\"async\" class=\"alignleft wp-image-1001 size-full\" src=\"http:\/\/www.evolux.it\/wp-content\/uploads\/Pdf-icona.png\" alt=\"SCARICA IL CATALOGO\" width=\"50\" height=\"72\" \/><\/a><\/p>\n<p><a href=\"\/wp-content\/uploads\/EVOLUXPrime-Combo.pdf\"><span style=\"font-weight: 400;\">T\u00c9L\u00c9CHARGER LES CATALOGUES EVOLUX<\/span><\/a><br \/>\n<a class=\"linkfoto\" href=\"\/media\/#combo\"><img loading=\"lazy\" decoding=\"async\" class=\"alignleft size-full wp-image-1066\" src=\"http:\/\/www.evolux.it\/wp-content\/uploads\/foto-gallery.png\" alt=\"foto-gallery\" width=\"47\" height=\"36\" \/><\/a><\/p>\n<p><span style=\"font-weight: 400;\"><a href=\"\/media\/#combo\">REGARDEZ LA GALERIE PHOTOGRAPHIQUE<\/a><\/span><\/p>\n<p><a class=\"pdfcat\" href=\"\/wp-content\/uploads\/HS-EVOLUX.pdf\">\u00a0<\/a><\/p>\n<\/div>\n<div class=\"meta-sx grigio2\"><img decoding=\"async\" class=\"aligncenter\" src=\"\/wp-content\/uploads\/Combo-Hs-Evolux.jpg\" alt=\"Combo-Hs-Evolux\" \/><\/div>\n<div class=\"clearfix\">\n<hr \/>\n<\/div>\n<\/div>\n<\/div>\n<div class=\"pprod grigio3\">\n<div class=\"contenuto\"><img loading=\"lazy\" decoding=\"async\" class=\"alignnone size-full wp-image-983\" src=\"http:\/\/www.evolux.it\/wp-content\/uploads\/HS-combo-finiture.materiali.jpg\" alt=\"HS-combo-finiture.materiali\" width=\"1920\" height=\"1121\" srcset=\"https:\/\/www.evolux.it\/wp-content\/uploads\/HS-combo-finiture.materiali.jpg 1920w, https:\/\/www.evolux.it\/wp-content\/uploads\/HS-combo-finiture.materiali-300x175.jpg 300w, https:\/\/www.evolux.it\/wp-content\/uploads\/HS-combo-finiture.materiali-1024x597.jpg 1024w\" sizes=\"auto, (max-width: 1920px) 100vw, 1920px\" \/><\/div>\n<\/div>\n","protected":false},"excerpt":{"rendered":"<p>EVOLUX Combo Fen\u00eatre Isolant COMBO est la deuxi\u00e8me fen\u00eatre qui dispara\u00eet de la gamme EVOLUX , developp\u00e9e en 2008. Son cadre en alluminium et pvc est utiliz\u00e9 comme cadre\/caisson \u00e0 fixer directement \u00e0 la ma\u00e7onnerie ou \u00e0 chaque typologie de mur; au milieu du mur ou \u00e0 fleur du mur \u00e0 l\u2019int\u00e9rieur. Le volet que [&hellip;]<\/p>\n","protected":false},"author":2,"featured_media":0,"parent":1539,"menu_order":0,"comment_status":"open","ping_status":"closed","template":"page-prodotti.php","meta":{"footnotes":""},"class_list":["post-1555","page","type-page","status-publish","hentry"],"yoast_head":"<!-- This site is optimized with the Yoast SEO plugin v22.6 - https:\/\/yoast.com\/wordpress\/plugins\/seo\/ -->\n<title>Combo - Evolux Infissi<\/title>\n<meta name=\"robots\" content=\"index, follow, max-snippet:-1, max-image-preview:large, max-video-preview:-1\" \/>\n<link rel=\"canonical\" href=\"https:\/\/www.evolux.it\/fr\/produits\/combo\/\" \/>\n<meta property=\"og:locale\" content=\"fr_FR\" \/>\n<meta property=\"og:type\" content=\"article\" \/>\n<meta property=\"og:title\" content=\"Combo - Evolux Infissi\" \/>\n<meta property=\"og:description\" content=\"EVOLUX Combo Fen\u00eatre Isolant COMBO est la deuxi\u00e8me fen\u00eatre qui dispara\u00eet de la gamme EVOLUX , developp\u00e9e en 2008. Son cadre en alluminium et pvc est utiliz\u00e9 comme cadre\/caisson \u00e0 fixer directement \u00e0 la ma\u00e7onnerie ou \u00e0 chaque typologie de mur; au milieu du mur ou \u00e0 fleur du mur \u00e0 l\u2019int\u00e9rieur. Le volet que [&hellip;]\" \/>\n<meta property=\"og:url\" content=\"https:\/\/www.evolux.it\/fr\/produits\/combo\/\" \/>\n<meta property=\"og:site_name\" content=\"Evolux Infissi\" \/>\n<meta property=\"article:modified_time\" content=\"2017-01-20T11:01:08+00:00\" \/>\n<meta property=\"og:image\" content=\"http:\/\/www.evolux.it\/wp-content\/uploads\/Pdf-icona.png\" \/>\n<meta name=\"twitter:card\" content=\"summary_large_image\" \/>\n<meta name=\"twitter:label1\" content=\"Dur\u00e9e de lecture estim\u00e9e\" \/>\n\t<meta name=\"twitter:data1\" content=\"2 minutes\" \/>\n<script type=\"application\/ld+json\" class=\"yoast-schema-graph\">{\"@context\":\"https:\/\/schema.org\",\"@graph\":[{\"@type\":\"WebPage\",\"@id\":\"https:\/\/www.evolux.it\/fr\/produits\/combo\/\",\"url\":\"https:\/\/www.evolux.it\/fr\/produits\/combo\/\",\"name\":\"Combo - Evolux Infissi\",\"isPartOf\":{\"@id\":\"https:\/\/www.evolux.it\/#website\"},\"primaryImageOfPage\":{\"@id\":\"https:\/\/www.evolux.it\/fr\/produits\/combo\/#primaryimage\"},\"image\":{\"@id\":\"https:\/\/www.evolux.it\/fr\/produits\/combo\/#primaryimage\"},\"thumbnailUrl\":\"http:\/\/www.evolux.it\/wp-content\/uploads\/Pdf-icona.png\",\"datePublished\":\"2016-11-08T17:04:02+00:00\",\"dateModified\":\"2017-01-20T11:01:08+00:00\",\"breadcrumb\":{\"@id\":\"https:\/\/www.evolux.it\/fr\/produits\/combo\/#breadcrumb\"},\"inLanguage\":\"fr-FR\",\"potentialAction\":[{\"@type\":\"ReadAction\",\"target\":[\"https:\/\/www.evolux.it\/fr\/produits\/combo\/\"]}]},{\"@type\":\"ImageObject\",\"inLanguage\":\"fr-FR\",\"@id\":\"https:\/\/www.evolux.it\/fr\/produits\/combo\/#primaryimage\",\"url\":\"http:\/\/www.evolux.it\/wp-content\/uploads\/Pdf-icona.png\",\"contentUrl\":\"http:\/\/www.evolux.it\/wp-content\/uploads\/Pdf-icona.png\"},{\"@type\":\"BreadcrumbList\",\"@id\":\"https:\/\/www.evolux.it\/fr\/produits\/combo\/#breadcrumb\",\"itemListElement\":[{\"@type\":\"ListItem\",\"position\":1,\"name\":\"Home\",\"item\":\"https:\/\/www.evolux.it\/\"},{\"@type\":\"ListItem\",\"position\":2,\"name\":\"Produits\",\"item\":\"https:\/\/www.evolux.it\/fr\/produits\/\"},{\"@type\":\"ListItem\",\"position\":3,\"name\":\"Combo\"}]},{\"@type\":\"WebSite\",\"@id\":\"https:\/\/www.evolux.it\/#website\",\"url\":\"https:\/\/www.evolux.it\/\",\"name\":\"Evolux Infissi\",\"description\":\"Infissi filomuro tutto vetro\",\"potentialAction\":[{\"@type\":\"SearchAction\",\"target\":{\"@type\":\"EntryPoint\",\"urlTemplate\":\"https:\/\/www.evolux.it\/?s={search_term_string}\"},\"query-input\":\"required name=search_term_string\"}],\"inLanguage\":\"fr-FR\"}]}<\/script>\n<!-- \/ Yoast SEO plugin. -->","yoast_head_json":{"title":"Combo - Evolux Infissi","robots":{"index":"index","follow":"follow","max-snippet":"max-snippet:-1","max-image-preview":"max-image-preview:large","max-video-preview":"max-video-preview:-1"},"canonical":"https:\/\/www.evolux.it\/fr\/produits\/combo\/","og_locale":"fr_FR","og_type":"article","og_title":"Combo - Evolux Infissi","og_description":"EVOLUX Combo Fen\u00eatre Isolant COMBO est la deuxi\u00e8me fen\u00eatre qui dispara\u00eet de la gamme EVOLUX , developp\u00e9e en 2008. Son cadre en alluminium et pvc est utiliz\u00e9 comme cadre\/caisson \u00e0 fixer directement \u00e0 la ma\u00e7onnerie ou \u00e0 chaque typologie de mur; au milieu du mur ou \u00e0 fleur du mur \u00e0 l\u2019int\u00e9rieur. Le volet que [&hellip;]","og_url":"https:\/\/www.evolux.it\/fr\/produits\/combo\/","og_site_name":"Evolux Infissi","article_modified_time":"2017-01-20T11:01:08+00:00","og_image":[{"url":"http:\/\/www.evolux.it\/wp-content\/uploads\/Pdf-icona.png"}],"twitter_card":"summary_large_image","twitter_misc":{"Dur\u00e9e de lecture estim\u00e9e":"2 minutes"},"schema":{"@context":"https:\/\/schema.org","@graph":[{"@type":"WebPage","@id":"https:\/\/www.evolux.it\/fr\/produits\/combo\/","url":"https:\/\/www.evolux.it\/fr\/produits\/combo\/","name":"Combo - Evolux Infissi","isPartOf":{"@id":"https:\/\/www.evolux.it\/#website"},"primaryImageOfPage":{"@id":"https:\/\/www.evolux.it\/fr\/produits\/combo\/#primaryimage"},"image":{"@id":"https:\/\/www.evolux.it\/fr\/produits\/combo\/#primaryimage"},"thumbnailUrl":"http:\/\/www.evolux.it\/wp-content\/uploads\/Pdf-icona.png","datePublished":"2016-11-08T17:04:02+00:00","dateModified":"2017-01-20T11:01:08+00:00","breadcrumb":{"@id":"https:\/\/www.evolux.it\/fr\/produits\/combo\/#breadcrumb"},"inLanguage":"fr-FR","potentialAction":[{"@type":"ReadAction","target":["https:\/\/www.evolux.it\/fr\/produits\/combo\/"]}]},{"@type":"ImageObject","inLanguage":"fr-FR","@id":"https:\/\/www.evolux.it\/fr\/produits\/combo\/#primaryimage","url":"http:\/\/www.evolux.it\/wp-content\/uploads\/Pdf-icona.png","contentUrl":"http:\/\/www.evolux.it\/wp-content\/uploads\/Pdf-icona.png"},{"@type":"BreadcrumbList","@id":"https:\/\/www.evolux.it\/fr\/produits\/combo\/#breadcrumb","itemListElement":[{"@type":"ListItem","position":1,"name":"Home","item":"https:\/\/www.evolux.it\/"},{"@type":"ListItem","position":2,"name":"Produits","item":"https:\/\/www.evolux.it\/fr\/produits\/"},{"@type":"ListItem","position":3,"name":"Combo"}]},{"@type":"WebSite","@id":"https:\/\/www.evolux.it\/#website","url":"https:\/\/www.evolux.it\/","name":"Evolux Infissi","description":"Infissi filomuro tutto vetro","potentialAction":[{"@type":"SearchAction","target":{"@type":"EntryPoint","urlTemplate":"https:\/\/www.evolux.it\/?s={search_term_string}"},"query-input":"required name=search_term_string"}],"inLanguage":"fr-FR"}]}},"_links":{"self":[{"href":"https:\/\/www.evolux.it\/fr\/wp-json\/wp\/v2\/pages\/1555","targetHints":{"allow":["GET"]}}],"collection":[{"href":"https:\/\/www.evolux.it\/fr\/wp-json\/wp\/v2\/pages"}],"about":[{"href":"https:\/\/www.evolux.it\/fr\/wp-json\/wp\/v2\/types\/page"}],"author":[{"embeddable":true,"href":"https:\/\/www.evolux.it\/fr\/wp-json\/wp\/v2\/users\/2"}],"replies":[{"embeddable":true,"href":"https:\/\/www.evolux.it\/fr\/wp-json\/wp\/v2\/comments?post=1555"}],"version-history":[{"count":5,"href":"https:\/\/www.evolux.it\/fr\/wp-json\/wp\/v2\/pages\/1555\/revisions"}],"predecessor-version":[{"id":3431,"href":"https:\/\/www.evolux.it\/fr\/wp-json\/wp\/v2\/pages\/1555\/revisions\/3431"}],"up":[{"embeddable":true,"href":"https:\/\/www.evolux.it\/fr\/wp-json\/wp\/v2\/pages\/1539"}],"wp:attachment":[{"href":"https:\/\/www.evolux.it\/fr\/wp-json\/wp\/v2\/media?parent=1555"}],"curies":[{"name":"wp","href":"https:\/\/api.w.org\/{rel}","templated":true}]}}